{"id":2620,"date":"2014-06-04T07:42:32","date_gmt":"2014-06-04T05:42:32","guid":{"rendered":"https:\/\/staging.skodadent.com\/?page_id=2620"},"modified":"2019-03-04T07:37:28","modified_gmt":"2019-03-04T06:37:28","slug":"pedodontija","status":"publish","type":"page","link":"https:\/\/staging.skodadent.com\/sl\/pedodontija\/","title":{"rendered":"Pedodontija"},"content":{"rendered":"<p>[et_pb_section fb_built=&#8221;1&#8243; fullwidth=&#8221;on&#8221; custom_padding_last_edited=&#8221;on|desktop&#8221; _builder_version=&#8221;3.19&#8243; use_background_color_gradient=&#8221;on&#8221; background_color_gradient_start=&#8221;#8e793e&#8221; background_color_gradient_end=&#8221;#ad974f&#8221; background_image=&#8221;https:\/\/staging.skodadent.com\/wp-content\/uploads\/2018\/12\/luxury-1.jpg&#8221; background_blend=&#8221;screen&#8221; bottom_divider_color=&#8221;#ffffff&#8221; bottom_divider_height=&#8221;84px&#8221; transparent_background=&#8221;on&#8221;][et_pb_fullwidth_header title=&#8221; Pedodontija&#8221; subhead=&#8221;Ali poznate zobno mi\u0161ko?&#8221; subhead_font_color=&#8221;#ffffff&#8221; _builder_version=&#8221;3.19&#8243; title_font=&#8221;|700||on|||||&#8221; title_text_color=&#8221;#002649&#8243; content_font=&#8221;||||||||&#8221; subhead_font=&#8221;||||||||&#8221; subhead_text_color=&#8221;#002649&#8243; subhead_font_size=&#8221;20px&#8221; background_color=&#8221;rgba(255, 255, 255, 0)&#8221; button_one_letter_spacing_hover=&#8221;0&#8243; button_two_letter_spacing_hover=&#8221;0&#8243; locked=&#8221;off&#8221; button_one_text_size__hover_enabled=&#8221;off&#8221; button_one_text_size__hover=&#8221;null&#8221; button_two_text_size__hover_enabled=&#8221;off&#8221; button_two_text_size__hover=&#8221;null&#8221; button_one_text_color__hover_enabled=&#8221;off&#8221; button_one_text_color__hover=&#8221;null&#8221; button_two_text_color__hover_enabled=&#8221;off&#8221; button_two_text_color__hover=&#8221;null&#8221; button_one_border_width__hover_enabled=&#8221;off&#8221; button_one_border_width__hover=&#8221;null&#8221; button_two_border_width__hover_enabled=&#8221;off&#8221; button_two_border_width__hover=&#8221;null&#8221; button_one_border_color__hover_enabled=&#8221;off&#8221; button_one_border_color__hover=&#8221;null&#8221; button_two_border_color__hover_enabled=&#8221;off&#8221; button_two_border_color__hover=&#8221;null&#8221; button_one_border_radius__hover_enabled=&#8221;off&#8221; button_one_border_radius__hover=&#8221;null&#8221; button_two_border_radius__hover_enabled=&#8221;off&#8221; button_two_border_radius__hover=&#8221;null&#8221; button_one_letter_spacing__hover_enabled=&#8221;on&#8221; button_one_letter_spacing__hover=&#8221;0&#8243; button_two_letter_spacing__hover_enabled=&#8221;on&#8221; button_two_letter_spacing__hover=&#8221;0&#8243; button_one_bg_color__hover_enabled=&#8221;off&#8221; button_one_bg_color__hover=&#8221;null&#8221; button_two_bg_color__hover_enabled=&#8221;off&#8221; button_two_bg_color__hover=&#8221;null&#8221;][\/et_pb_fullwidth_header][\/et_pb_section][et_pb_section fb_built=&#8221;1&#8243; admin_label=&#8221;section&#8221; _builder_version=&#8221;3.0.47&#8243;][et_pb_row admin_label=&#8221;row&#8221; _builder_version=&#8221;3.0.47&#8243; background_size=&#8221;initial&#8221; background_position=&#8221;top_left&#8221; background_repeat=&#8221;repeat&#8221;][et_pb_column type=&#8221;1_2&#8243; _builder_version=&#8221;3.0.47&#8243;][et_pb_image src=&#8221;https:\/\/staging.skodadent.com\/wp-content\/uploads\/2014\/06\/djecja_stomatologija_skodadent.jpg&#8221; align=&#8221;center&#8221; _builder_version=&#8221;3.0.87&#8243; animation=&#8221;off&#8221; sticky=&#8221;off&#8221; use_border_color=&#8221;off&#8221; border_color=&#8221;#ffffff&#8221; border_style=&#8221;solid&#8221;][\/et_pb_image][et_pb_text _builder_version=&#8221;3.0.87&#8243; background_size=&#8221;initial&#8221; background_position=&#8221;top_left&#8221; background_repeat=&#8221;repeat&#8221; use_border_color=&#8221;off&#8221; border_color=&#8221;#ffffff&#8221; border_style=&#8221;solid&#8221;]Otroci so pacienti, ki potrebujejo posebno ne\u017een in strpen pristop. Izjemno pomembno je to, da prve prihode k zobozdravniku do\u017eivijo v lepi in vedri atmosferi, da bi otrok dobil navado in pozitivno stali\u0161\u010de do zobozdravstvenih ordinacij. To mi\u0161ljenje bo otroka spremljalo skozi celo \u017eivljenje in od tega bo odvisno njegovo bodo\u010de oralno zdravje.<\/p>\n<p>V na\u0161ih ordinacijah vsakodnevno sre\u010dujemo otroke, ki so prestra\u0161eni zaradi preteklih neprijetnih izku\u0161enj in vsajenim pani\u010dnim strahom pred zobozdravnikom. Tak\u0161nemu otroku je treba dati dovolj \u010dasa, da se spozna z okoljem in osebjem nove ambulante, ter mu pristopiti osebno, z ne\u017enostjo in previdno. Skrhano otrokovo zaupanje je treba ponovno izgraditi, kar je neizogibno za sodelovanje otroka in zobozdravnika v prihodnje.<\/p>\n<p>Ker imamo v uvidu \u0161tevilne na\u0161e majhne paciente, ordinacija \u0160kodaDENT med prvimi na Hrva\u0161kem uvaja sedacijo z du\u0161ikovim oksidulom za otroke. Ta metoda omogo\u010da na popolnoma varen in ne\u0161kodljiv na\u010din otroka re\u0161iti strahu, izbrisati travme in ga odre\u0161iti vseh te\u017eav z njihovimi zobki.<\/p>\n<p>&nbsp;<\/p>\n<h2 class=\"dc_headline\" style=\"margin-left: 0;\">Kako deluje?<\/h2>\n<p>Za vse stomatolo\u0161ke posege je zadosten minimalni odmerek, pri katerem du\u0161ikov oksidul:<\/p>\n<div class=\"dc_icon_and_text\">\n<ul class=\"dc_icon_and_text_list\">\n<li class=\"dc_list_item_1\">odstrani strah i nelagodje<\/li>\n<li class=\"dc_list_item_1\">izzove ob\u010dutek ugodja<\/li>\n<li class=\"dc_list_item_1\">spro\u0161\u010da<\/li>\n<li class=\"dc_list_item_1\">izzove ob\u010dutek te\u017ee<\/li>\n<li class=\"dc_list_item_1\">zmanj\u0161uje siljenje na bruhanje<\/li>\n<li class=\"dc_list_item_1\">oslabi ob\u010dutek za \u010das<\/li>\n<li class=\"dc_list_item_1\">pove\u010da sugestibilnost<\/li>\n<li class=\"dc_list_item_1\">prekli\u010de travmo pred posegom<\/li>\n<\/ul>\n<p>Pri ve\u010djem odmerku:<\/p>\n<ul class=\"dc_icon_and_text_list\">\n<li class=\"dc_list_item_1\">zmanj\u0161uje ob\u010dutljivost na bole\u010dino<\/li>\n<li class=\"dc_list_item_1\">izzove veselje in evforijo<\/li>\n<\/ul>\n<\/div>\n<p>Du\u0161ikov oksidul <strong>ne more izzvati globoke sedacije.<\/strong>.<br \/>\n[\/et_pb_text][\/et_pb_column][et_pb_column type=&#8221;1_2&#8243; _builder_version=&#8221;3.0.47&#8243;][et_pb_text _builder_version=&#8221;3.0.87&#8243; background_size=&#8221;initial&#8221; background_position=&#8221;top_left&#8221; background_repeat=&#8221;repeat&#8221; use_border_color=&#8221;off&#8221; border_color=&#8221;#ffffff&#8221; border_style=&#8221;solid&#8221;]<\/p>\n<h2 class=\"dc_headline\" style=\"margin-left: 0;\">KAKO SE DAJE?<\/h2>\n<p>Didu\u0161ikov oksid (du\u0161ikov oksidul ali t.i. smejalni plin) se daje v me\u0161anici s kisikom s pomo\u010djo posebne maske za nos. Odmerek se prilagodi za vsakega pacienta posebej v skladu z njegovimi potrebami. Pacient je pri tem buden in se lahko sporazumeva<br \/>\n[\/et_pb_text][et_pb_text _builder_version=&#8221;3.19.8&#8243; background_size=&#8221;initial&#8221; background_position=&#8221;top_left&#8221; background_repeat=&#8221;repeat&#8221; use_border_color=&#8221;off&#8221; border_color=&#8221;#ffffff&#8221; border_style=&#8221;solid&#8221;]<\/p>\n<h2 class=\"dc_headline\" style=\"margin-left: 0;\">KOLIKO JE VARNO?<\/h2>\n<p>Raziskave s strani Federal Association of Pediatric Dentists so izmed 7145 sedacij letno, vsega skupaj pokazale 8 ne\u017eelenih stranskih u\u010dinkov v obliki slabosti. To je bil edini stranski u\u010dinek, ki se je pojavil pri 0,11% primerih.[\/et_pb_text][et_pb_text _builder_version=&#8221;3.0.87&#8243; background_size=&#8221;initial&#8221; background_position=&#8221;top_left&#8221; background_repeat=&#8221;repeat&#8221; use_border_color=&#8221;off&#8221; border_color=&#8221;#ffffff&#8221; border_style=&#8221;solid&#8221;]<\/p>\n<h2 class=\"dc_headline\" style=\"margin-left: 0;\">KDO JE IDEALEN KANDIDAT?<\/h2>\n<div class=\"dc_icon_and_text\">\n<ul class=\"dc_icon_and_text_list\">\n<li class=\"dc_list_item_1\">pacienti, ki \u010dutijo strah in nelagodje pred posegom<\/li>\n<li class=\"dc_list_item_1\">pacienti z mo\u010dnim siljenjem na bruhanje<\/li>\n<li class=\"dc_list_item_1\">pacienti, ki potrebujejo ve\u010dje ali dalj\u0161e posege<\/li>\n<li class=\"dc_list_item_1\">otroci, ki sodelujejo, a so potrebni ve\u010djega posega<\/li>\n<li class=\"dc_list_item_1\">otroci, ki ne sodelujejo<\/li>\n<\/ul>\n<\/div>\n<p>[\/et_pb_text][et_pb_text _builder_version=&#8221;3.0.87&#8243; background_size=&#8221;initial&#8221; background_position=&#8221;top_left&#8221; background_repeat=&#8221;repeat&#8221; use_border_color=&#8221;off&#8221; border_color=&#8221;#ffffff&#8221; border_style=&#8221;solid&#8221;]<\/p>\n<h2 class=\"dc_headline\" style=\"margin-left: 0;\">KDO NI KANDIDAT?<\/h2>\n<ul class=\"dc_icon_and_text_list\">\n<li class=\"dc_list_item_1\">pacienti s te\u017ejimi zdravstvenimi te\u017eavami<\/li>\n<li class=\"dc_list_item_1\">pacienti, ki ne morejo dihati skozi nos<\/li>\n<li class=\"dc_list_item_1\">pacienti, ki se boje izgube kontrole<\/li>\n<li class=\"dc_list_item_1\">pacienti z omejitvami v komunikaciji<\/li>\n<li class=\"dc_list_item_1\">pacienti, ki trpijo za klavstrofobijo<\/li>\n<\/ul>\n<p>[\/et_pb_text][et_pb_image src=&#8221;https:\/\/staging.skodadent.com\/wp-content\/uploads\/2014\/06\/djecja_sedacija.jpg&#8221; align=&#8221;center&#8221; _builder_version=&#8221;3.0.87&#8243; animation=&#8221;off&#8221; sticky=&#8221;off&#8221; use_border_color=&#8221;off&#8221; border_color=&#8221;#ffffff&#8221; border_style=&#8221;solid&#8221;][\/et_pb_image][\/et_pb_column][\/et_pb_row][\/et_pb_section][et_pb_section fb_built=&#8221;1&#8243; custom_padding_last_edited=&#8221;on|desktop&#8221; _builder_version=&#8221;3.0.74&#8243; background_color=&#8221;#f5f5f5&#8243; custom_padding_tablet=&#8221;50px|0|50px|0&#8243; transparent_background=&#8221;off&#8221; padding_mobile=&#8221;off&#8221;][et_pb_row padding_mobile=&#8221;off&#8221; column_padding_mobile=&#8221;on&#8221; parallax_method_1=&#8221;off&#8221; _builder_version=&#8221;3.19&#8243; background_size=&#8221;initial&#8221; background_position=&#8221;top_left&#8221; background_repeat=&#8221;repeat&#8221;][et_pb_column type=&#8221;4_4&#8243; _builder_version=&#8221;3.0.47&#8243;][et_pb_text _builder_version=&#8221;3.19.8&#8243; text_font=&#8221;Bree Serif||||&#8221; text_font_size=&#8221;45&#8243; background_size=&#8221;initial&#8221; background_position=&#8221;top_left&#8221; background_repeat=&#8221;repeat&#8221; custom_padding=&#8221;||20px&#8221; use_border_color=&#8221;off&#8221; border_color=&#8221;#ffffff&#8221; border_style=&#8221;solid&#8221; saved_tabs=&#8221;all&#8221;]<\/p>\n<h2 class=\"dc_headline\" style=\"margin-left: 0;\">IMA\u0160 VPRA\u0160ANJE? TUKAJ SMO!<\/h2>\n<p>[\/et_pb_text][et_pb_code _builder_version=&#8221;3.19.18&#8243;]\n<div class=\"wpcf7 no-js\" id=\"wpcf7-f218809-o1\" lang=\"en-US\" dir=\"ltr\" data-wpcf7-id=\"218809\">\n<div class=\"screen-reader-response\"><p role=\"status\" aria-live=\"polite\" aria-atomic=\"true\"><\/p> <ul><\/ul><\/div>\n<form action=\"\/sl\/wp-json\/wp\/v2\/pages\/2620\/#wpcf7-f218809-o1\" method=\"post\" class=\"wpcf7-form init wpcf7-acceptance-as-validation\" aria-label=\"Contact form\" enctype=\"multipart\/form-data\" novalidate=\"novalidate\" data-status=\"init\">\n<fieldset class=\"hidden-fields-container\"><input type=\"hidden\" name=\"_wpcf7\" value=\"218809\" \/><input type=\"hidden\" name=\"_wpcf7_version\" value=\"6.1.4\" \/><input type=\"hidden\" name=\"_wpcf7_locale\" value=\"en_US\" \/><input type=\"hidden\" name=\"_wpcf7_unit_tag\" value=\"wpcf7-f218809-o1\" \/><input type=\"hidden\" name=\"_wpcf7_container_post\" value=\"0\" \/><input type=\"hidden\" name=\"_wpcf7_posted_data_hash\" value=\"\" \/>\n<\/fieldset>\n<p class=\"dc_get_in_touch dc_contact_form_name_wrapper\"><span class=\"wpcf7-form-control-wrap\" data-name=\"your-name\"><input size=\"40\" maxlength=\"400\" class=\"wpcf7-form-control wpcf7-text wpcf7-validates-as-required\" aria-required=\"true\" aria-invalid=\"false\" placeholder=\"Ime\" value=\"\" type=\"text\" name=\"your-name\" \/><\/span>\n<\/p>\n<p class=\"dc_get_in_touch dc_contact_form_name_wrapper\"><span class=\"wpcf7-form-control-wrap\" data-name=\"surname\"><input size=\"40\" maxlength=\"400\" class=\"wpcf7-form-control wpcf7-text wpcf7-validates-as-required\" aria-required=\"true\" aria-invalid=\"false\" placeholder=\"Priimek\" value=\"\" type=\"text\" name=\"surname\" \/><\/span>\n<\/p>\n<p class=\"dc_get_in_touch dc_contact_form_email_wrapper\"><span class=\"wpcf7-form-control-wrap\" data-name=\"your-email\"><input size=\"40\" maxlength=\"400\" class=\"wpcf7-form-control wpcf7-email wpcf7-validates-as-required wpcf7-text wpcf7-validates-as-email\" aria-required=\"true\" aria-invalid=\"false\" placeholder=\"Email\" value=\"\" type=\"email\" name=\"your-email\" \/><\/span>\n<\/p>\n<p class=\"dc_get_in_touch dc_contact_form_phone_wrapper\"><span class=\"wpcf7-form-control-wrap\" data-name=\"Contactnumber\"><input size=\"40\" maxlength=\"400\" class=\"wpcf7-form-control wpcf7-tel wpcf7-validates-as-required wpcf7-text wpcf7-validates-as-tel\" aria-required=\"true\" aria-invalid=\"false\" placeholder=\"Telefon\" value=\"\" type=\"tel\" name=\"Contactnumber\" \/><\/span>\n<\/p>\n<p class=\"dc_get_in_touch dc_contact_form_subject_wrapper\"><span class=\"wpcf7-form-control-wrap\" data-name=\"your-subject\"><input size=\"40\" maxlength=\"400\" class=\"wpcf7-form-control wpcf7-text\" aria-invalid=\"false\" placeholder=\"Predmet\" value=\"\" type=\"text\" name=\"your-subject\" \/><\/span>\n<\/p>\n<p class=\"dc_get_in_touch dc_contact_form_textarea_wrapper\"><span class=\"wpcf7-form-control-wrap\" data-name=\"your-message\"><textarea cols=\"40\" rows=\"10\" maxlength=\"2000\" class=\"wpcf7-form-control wpcf7-textarea\" aria-invalid=\"false\" placeholder=\"Sporo\u010dilo\" name=\"your-message\"><\/textarea><\/span>\n<\/p>\n<p><span class=\"wpcf7-form-control-wrap\" data-name=\"acceptance-941\"><span class=\"wpcf7-form-control wpcf7-acceptance\"><span class=\"wpcf7-list-item\"><label><input type=\"checkbox\" name=\"acceptance-941\" value=\"1\" aria-invalid=\"false\" \/><span class=\"wpcf7-list-item-label\">Strinjam s Splo\u0161nimi pogoji poslovanja<\/span><\/label><\/span><\/span><\/span><br \/>\n<span class=\"wpcf7-form-control-wrap\" data-name=\"acceptance-941\"><span class=\"wpcf7-form-control wpcf7-acceptance\"><span class=\"wpcf7-list-item\"><label><input type=\"checkbox\" name=\"acceptance-941\" value=\"1\" aria-invalid=\"false\" \/><span class=\"wpcf7-list-item-label\">\u017delim prejemati novice o akcijah.<\/span><\/label><\/span><\/span><\/span>\n<\/p>\n<p><span class=\"wpcf7-form-control-wrap\" data-name=\"file-143\"><input size=\"40\" class=\"wpcf7-form-control wpcf7-file\" accept=\"audio\/*,video\/*,image\/*\" aria-invalid=\"false\" type=\"file\" name=\"file-143\" \/><\/span>\n<\/p>\n<p>[recaptcha]\n<\/p>\n<p class=\"dc_get_in_touch_submit dc_contact_form_submit_wrapper\"><input class=\"wpcf7-form-control wpcf7-submit has-spinner\" type=\"submit\" value=\"Po\u0161lji\" \/>\n<\/p><p style=\"display: none !important;\" class=\"akismet-fields-container\" data-prefix=\"_wpcf7_ak_\"><label>&#916;<textarea name=\"_wpcf7_ak_hp_textarea\" cols=\"45\" rows=\"8\" maxlength=\"100\"><\/textarea><\/label><input type=\"hidden\" id=\"ak_js_1\" name=\"_wpcf7_ak_js\" value=\"182\"\/><script>document.getElementById( \"ak_js_1\" ).setAttribute( \"value\", ( new Date() ).getTime() );<\/script><\/p><div class=\"wpcf7-response-output\" aria-hidden=\"true\"><\/div>\n<\/form>\n<\/div>\n[\/et_pb_code][\/et_pb_column][\/et_pb_row][\/et_pb_section]<\/p>\n","protected":false},"excerpt":{"rendered":"<p>Otroci so pacienti, ki potrebujejo posebno ne\u017een in strpen pristop. Izjemno pomembno je to, da prve prihode k zobozdravniku do\u017eivijo v lepi in vedri atmosferi, da bi otrok dobil navado in pozitivno stali\u0161\u010de do zobozdravstvenih ordinacij. To mi\u0161ljenje bo otroka spremljalo skozi celo \u017eivljenje in od tega bo odvisno njegovo bodo\u010de oralno zdravje. V na\u0161ih [&hellip;]<\/p>\n","protected":false},"author":8,"featured_media":0,"parent":0,"menu_order":0,"comment_status":"open","ping_status":"closed","template":"","meta":{"_seopress_robots_primary_cat":"","_seopress_titles_title":"du\u0161ikov oksidul","_seopress_titles_desc":"Otroci so pacienti, ki potrebujejo posebno ne\u017een in strpen pristop. \u0160kodaDENT med prvimi na Hrva\u0161kem uvaja sedacijo z du\u0161ikovim oksidulom za otroke. ","_seopress_robots_index":"","_et_pb_use_builder":"on","_et_pb_old_content":"","_et_gb_content_width":"","footnotes":""},"class_list":["post-2620","page","type-page","status-publish","hentry"],"_links":{"self":[{"href":"https:\/\/staging.skodadent.com\/sl\/wp-json\/wp\/v2\/pages\/2620\/"}],"collection":[{"href":"https:\/\/staging.skodadent.com\/sl\/wp-json\/wp\/v2\/pages\/"}],"about":[{"href":"https:\/\/staging.skodadent.com\/sl\/wp-json\/wp\/v2\/types\/page\/"}],"author":[{"embeddable":true,"href":"https:\/\/staging.skodadent.com\/sl\/wp-json\/wp\/v2\/users\/8\/"}],"replies":[{"embeddable":true,"href":"https:\/\/staging.skodadent.com\/sl\/wp-json\/wp\/v2\/comments\/?post=2620"}],"version-history":[{"count":0,"href":"https:\/\/staging.skodadent.com\/sl\/wp-json\/wp\/v2\/pages\/2620\/revisions\/"}],"wp:attachment":[{"href":"https:\/\/staging.skodadent.com\/sl\/wp-json\/wp\/v2\/media\/?parent=2620"}],"curies":[{"name":"wp","href":"https:\/\/api.w.org\/{rel}","templated":true}]}}