{"id":2446,"date":"2014-05-30T00:13:37","date_gmt":"2014-05-29T22:13:37","guid":{"rendered":"https:\/\/staging.skodadent.com\/?page_id=2446"},"modified":"2019-05-19T17:59:37","modified_gmt":"2019-05-19T15:59:37","slug":"kontakt","status":"publish","type":"page","link":"https:\/\/staging.skodadent.com\/sl\/kontakt\/","title":{"rendered":"Kontakt"},"content":{"rendered":"<p>[et_pb_section fb_built=&#8221;1&#8243; fullwidth=&#8221;on&#8221; _builder_version=&#8221;3.22.3&#8243;][et_pb_fullwidth_map address=&#8221;Hegedu\u0161i\u0107eva ul. 10, 51000, Rijeka, Croatia&#8221; zoom_level=&#8221;16&#8243; address_lat=&#8221;45.3424134&#8243; address_lng=&#8221;14.39547319999997&#8243; mouse_wheel=&#8221;off&#8221; _builder_version=&#8221;3.0.91&#8243;][et_pb_map_pin title=&#8221;\u0160kodaDENT&#8221; pin_address=&#8221;Hegedu\u0161i\u0107eva ul. 10, 51000, Rijeka, Croatia&#8221; pin_address_lat=&#8221;45.3424134&#8243; pin_address_lng=&#8221;14.39547319999997&#8243; _builder_version=&#8221;3.0.47&#8243;][\/et_pb_map_pin][\/et_pb_fullwidth_map][\/et_pb_section][et_pb_section fb_built=&#8221;1&#8243; custom_padding_last_edited=&#8221;on|desktop&#8221; module_class=&#8221;dc_main_contact_form_section dc_accordion_section&#8221; _builder_version=&#8221;3.22.3&#8243; background_color=&#8221;rgba(255,255,255,0)&#8221; custom_padding_tablet=&#8221;50px|0|50px|0&#8243; transparent_background=&#8221;on&#8221; padding_mobile=&#8221;off&#8221;][et_pb_row padding_mobile=&#8221;off&#8221; column_padding_mobile=&#8221;on&#8221; parallax_method_1=&#8221;off&#8221; parallax_method_2=&#8221;off&#8221; module_class=&#8221; et_pb_row_fullwidth&#8221; _builder_version=&#8221;3.22.3&#8243; background_size=&#8221;initial&#8221; background_position=&#8221;top_left&#8221; background_repeat=&#8221;repeat&#8221; width=&#8221;89%&#8221; width_tablet=&#8221;80%&#8221; width_last_edited=&#8221;on|desktop&#8221; max_width=&#8221;89%&#8221; max_width_tablet=&#8221;80%&#8221; max_width_last_edited=&#8221;on|desktop&#8221; make_fullwidth=&#8221;on&#8221;][et_pb_column type=&#8221;2_3&#8243; _builder_version=&#8221;3.0.47&#8243;][et_pb_text admin_label=&#8221;GET IN TOUCH&#8221; _builder_version=&#8221;3.19.8&#8243; background_size=&#8221;initial&#8221; background_position=&#8221;top_left&#8221; background_repeat=&#8221;repeat&#8221; module_alignment=&#8221;left&#8221; use_border_color=&#8221;off&#8221; border_color=&#8221;#ffffff&#8221; border_style=&#8221;solid&#8221;]<\/p>\n<h2 class=\"dc_headline\" style=\"margin-left: 0;\">Naro\u010di se na brezpla\u010den pregled<\/h2>\n<p>[\/et_pb_text][et_pb_text _builder_version=&#8221;3.22.7&#8243; background_size=&#8221;initial&#8221; background_position=&#8221;top_left&#8221; background_repeat=&#8221;repeat&#8221; module_alignment=&#8221;left&#8221; use_border_color=&#8221;off&#8221; border_color=&#8221;#ffffff&#8221; border_style=&#8221;solid&#8221;]Vsak dan Vam ponujamo nekaj brezpla\u010dnih terminov za prve preglede in posvetovanja (do 15 minut), ki so vam na voljo preko tega obrazca.<br \/>\n1. Izpolnite vsa polja \/ kvadratke obrazca<br \/>\n2. V sporo\u010dilu navedite \u017eeleni dan in \u010das ter kratek razlog za prihod.<br \/>\n3. Preverite e-po\u0161to za potrditev rezervacije<br \/>\nPotrdilo bomo poslali isti dan, ali najkasneje naslednji delovni dan.[\/et_pb_text][et_pb_code]\n<div class=\"wpcf7 no-js\" id=\"wpcf7-f218809-o1\" lang=\"en-US\" dir=\"ltr\" data-wpcf7-id=\"218809\">\n<div class=\"screen-reader-response\"><p role=\"status\" aria-live=\"polite\" aria-atomic=\"true\"><\/p> <ul><\/ul><\/div>\n<form action=\"\/sl\/wp-json\/wp\/v2\/pages\/2446\/#wpcf7-f218809-o1\" method=\"post\" class=\"wpcf7-form init wpcf7-acceptance-as-validation\" aria-label=\"Contact form\" enctype=\"multipart\/form-data\" novalidate=\"novalidate\" data-status=\"init\">\n<fieldset class=\"hidden-fields-container\"><input type=\"hidden\" name=\"_wpcf7\" value=\"218809\" \/><input type=\"hidden\" name=\"_wpcf7_version\" value=\"6.1.4\" \/><input type=\"hidden\" name=\"_wpcf7_locale\" value=\"en_US\" \/><input type=\"hidden\" name=\"_wpcf7_unit_tag\" value=\"wpcf7-f218809-o1\" \/><input type=\"hidden\" name=\"_wpcf7_container_post\" value=\"0\" \/><input type=\"hidden\" name=\"_wpcf7_posted_data_hash\" value=\"\" \/>\n<\/fieldset>\n<p class=\"dc_get_in_touch dc_contact_form_name_wrapper\"><span class=\"wpcf7-form-control-wrap\" data-name=\"your-name\"><input size=\"40\" maxlength=\"400\" class=\"wpcf7-form-control wpcf7-text wpcf7-validates-as-required\" aria-required=\"true\" aria-invalid=\"false\" placeholder=\"Ime\" value=\"\" type=\"text\" name=\"your-name\" \/><\/span>\n<\/p>\n<p class=\"dc_get_in_touch dc_contact_form_name_wrapper\"><span class=\"wpcf7-form-control-wrap\" data-name=\"surname\"><input size=\"40\" maxlength=\"400\" class=\"wpcf7-form-control wpcf7-text wpcf7-validates-as-required\" aria-required=\"true\" aria-invalid=\"false\" placeholder=\"Priimek\" value=\"\" type=\"text\" name=\"surname\" \/><\/span>\n<\/p>\n<p class=\"dc_get_in_touch dc_contact_form_email_wrapper\"><span class=\"wpcf7-form-control-wrap\" data-name=\"your-email\"><input size=\"40\" maxlength=\"400\" class=\"wpcf7-form-control wpcf7-email wpcf7-validates-as-required wpcf7-text wpcf7-validates-as-email\" aria-required=\"true\" aria-invalid=\"false\" placeholder=\"Email\" value=\"\" type=\"email\" name=\"your-email\" \/><\/span>\n<\/p>\n<p class=\"dc_get_in_touch dc_contact_form_phone_wrapper\"><span class=\"wpcf7-form-control-wrap\" data-name=\"Contactnumber\"><input size=\"40\" maxlength=\"400\" class=\"wpcf7-form-control wpcf7-tel wpcf7-validates-as-required wpcf7-text wpcf7-validates-as-tel\" aria-required=\"true\" aria-invalid=\"false\" placeholder=\"Telefon\" value=\"\" type=\"tel\" name=\"Contactnumber\" \/><\/span>\n<\/p>\n<p class=\"dc_get_in_touch dc_contact_form_subject_wrapper\"><span class=\"wpcf7-form-control-wrap\" data-name=\"your-subject\"><input size=\"40\" maxlength=\"400\" class=\"wpcf7-form-control wpcf7-text\" aria-invalid=\"false\" placeholder=\"Predmet\" value=\"\" type=\"text\" name=\"your-subject\" \/><\/span>\n<\/p>\n<p class=\"dc_get_in_touch dc_contact_form_textarea_wrapper\"><span class=\"wpcf7-form-control-wrap\" data-name=\"your-message\"><textarea cols=\"40\" rows=\"10\" maxlength=\"2000\" class=\"wpcf7-form-control wpcf7-textarea\" aria-invalid=\"false\" placeholder=\"Sporo\u010dilo\" name=\"your-message\"><\/textarea><\/span>\n<\/p>\n<p><span class=\"wpcf7-form-control-wrap\" data-name=\"acceptance-941\"><span class=\"wpcf7-form-control wpcf7-acceptance\"><span class=\"wpcf7-list-item\"><label><input type=\"checkbox\" name=\"acceptance-941\" value=\"1\" aria-invalid=\"false\" \/><span class=\"wpcf7-list-item-label\">Strinjam s Splo\u0161nimi pogoji poslovanja<\/span><\/label><\/span><\/span><\/span><br \/>\n<span class=\"wpcf7-form-control-wrap\" data-name=\"acceptance-941\"><span class=\"wpcf7-form-control wpcf7-acceptance\"><span class=\"wpcf7-list-item\"><label><input type=\"checkbox\" name=\"acceptance-941\" value=\"1\" aria-invalid=\"false\" \/><span class=\"wpcf7-list-item-label\">\u017delim prejemati novice o akcijah.<\/span><\/label><\/span><\/span><\/span>\n<\/p>\n<p><span class=\"wpcf7-form-control-wrap\" data-name=\"file-143\"><input size=\"40\" class=\"wpcf7-form-control wpcf7-file\" accept=\"audio\/*,video\/*,image\/*\" aria-invalid=\"false\" type=\"file\" name=\"file-143\" \/><\/span>\n<\/p>\n<p>[recaptcha]\n<\/p>\n<p class=\"dc_get_in_touch_submit dc_contact_form_submit_wrapper\"><input class=\"wpcf7-form-control wpcf7-submit has-spinner\" type=\"submit\" value=\"Po\u0161lji\" \/>\n<\/p><p style=\"display: none !important;\" class=\"akismet-fields-container\" data-prefix=\"_wpcf7_ak_\"><label>&#916;<textarea name=\"_wpcf7_ak_hp_textarea\" cols=\"45\" rows=\"8\" maxlength=\"100\"><\/textarea><\/label><input type=\"hidden\" id=\"ak_js_1\" name=\"_wpcf7_ak_js\" value=\"97\"\/><script>document.getElementById( \"ak_js_1\" ).setAttribute( \"value\", ( new Date() ).getTime() );<\/script><\/p><div class=\"wpcf7-response-output\" aria-hidden=\"true\"><\/div>\n<\/form>\n<\/div>\n[\/et_pb_code][\/et_pb_column][et_pb_column type=&#8221;1_3&#8243; _builder_version=&#8221;3.0.47&#8243;][et_pb_text _builder_version=&#8221;3.0.87&#8243; background_size=&#8221;initial&#8221; background_position=&#8221;top_left&#8221; background_repeat=&#8221;repeat&#8221; module_alignment=&#8221;left&#8221; use_border_color=&#8221;off&#8221; border_color=&#8221;#ffffff&#8221; border_style=&#8221;solid&#8221;]<\/p>\n<h3 class=\"dc_headline\" style=\"margin-left: 0;\">Delovni \u010das<\/h3>\n<p>[\/et_pb_text][et_pb_text _builder_version=&#8221;3.19.18&#8243; background_size=&#8221;initial&#8221; background_position=&#8221;top_left&#8221; background_repeat=&#8221;repeat&#8221; background_layout=&#8221;dark&#8221; module_alignment=&#8221;left&#8221; use_border_color=&#8221;off&#8221;]<\/p>\n<p class=\"dc_time_paragraph\"><span class=\"dc_time_left\">PONEDELJEK<\/span><span class=\"dc_time_right\">13 \u2013 21<\/span><\/p>\n<p class=\"dc_time_paragraph\"><span class=\"dc_time_left\">TOREK<\/span><span class=\"dc_time_right\">13 \u2013 21<\/span><\/p>\n<p class=\"dc_time_paragraph\"><span class=\"dc_time_left\">SREDA<\/span><span class=\"dc_time_right\">13 \u2013 21<\/span><\/p>\n<p class=\"dc_time_paragraph\"><span class=\"dc_time_left\">\u010cETRTEK<\/span><span class=\"dc_time_right\">08 \u2013 16<\/span><\/p>\n<p class=\"dc_time_paragraph\"><span class=\"dc_time_left\">PETEK<\/span><span class=\"dc_time_right\">08 \u2013 16<\/span><\/p>\n<p class=\"dc_time_paragraph dc_visibility_none\"><span class=\"dc_time_left\">this is invisible<\/span><span class=\"dc_time_right\">9 \u2013 15<\/span><\/p>\n<p>[\/et_pb_text][et_pb_text admin_label=&#8221;CONTACT DETAILS&#8221; _builder_version=&#8221;3.0.87&#8243; background_size=&#8221;initial&#8221; background_position=&#8221;top_left&#8221; background_repeat=&#8221;repeat&#8221; module_alignment=&#8221;left&#8221; use_border_color=&#8221;off&#8221; border_color=&#8221;#ffffff&#8221; border_style=&#8221;solid&#8221;]<\/p>\n<h2 class=\"dc_headline\" style=\"margin-left: 0;\">INFO<\/h2>\n<p>[\/et_pb_text][et_pb_accordion admin_label=&#8221;Contact Accordion&#8221; _builder_version=&#8221;3.22.4&#8243; use_border_color=&#8221;off&#8221; border_color=&#8221;#ffffff&#8221; border_style=&#8221;solid&#8221;][et_pb_accordion_item title=&#8221;KONTAKT&#8221; open=&#8221;on&#8221; _builder_version=&#8221;3.0.47&#8243; title_text_shadow_horizontal_length=&#8221;0em&#8221; title_text_shadow_vertical_length=&#8221;0em&#8221; title_text_shadow_blur_strength=&#8221;0em&#8221; body_text_shadow_horizontal_length=&#8221;0em&#8221; body_text_shadow_vertical_length=&#8221;0em&#8221; body_text_shadow_blur_strength=&#8221;0em&#8221;]<\/p>\n<p class=\"dc_contact_paragraph_get_in_touch\">Telefon: +385 51 263 766<\/p>\n<p class=\"dc_contact_paragraph_get_in_touch\">Mob<i class=\"fa fa-whatsapp\" aria-hidden=\"true\"><\/i> : +385 99 471 7112<\/p>\n<p class=\"dc_contact_paragraph_get_in_touch\">Email: info@skodadent.com<\/p>\n<p class=\"dc_contact_paragraph_get_in_touch\">Adresa: Hegedu\u0161i\u0107eva 10, 51000 Rijeka HR<\/p>\n<p class=\"dc_contact_paragraph_get_in_touch\">GPS: 45.342602, 14.395013<\/p>\n<p>[\/et_pb_accordion_item][et_pb_accordion_item title=&#8221;PLA\u010cILO&#8221; open=&#8221;off&#8221; _builder_version=&#8221;3.22.4&#8243; title_text_shadow_horizontal_length=&#8221;0em&#8221; title_text_shadow_vertical_length=&#8221;0em&#8221; title_text_shadow_blur_strength=&#8221;0em&#8221; body_text_shadow_horizontal_length=&#8221;0em&#8221; body_text_shadow_vertical_length=&#8221;0em&#8221; body_text_shadow_blur_strength=&#8221;0em&#8221;]<\/p>\n<p class=\"dc_contact_paragraph_get_in_touch\">Avansno pla\u010dilo z gotovino za ponudbe nad \u20ac 300 \u2013 popust 10%<\/p>\n<p class=\"dc_contact_paragraph_get_in_touch\">Obro\u010dno brezobresno pla\u010dilo z gotovino do konca ortodontske terapije<\/p>\n<p class=\"dc_contact_paragraph_get_in_touch\">Ednokratno z karticami: Maestro, Diners, Mastercard, Visa, Amex<\/p>\n<p>[\/et_pb_accordion_item][et_pb_accordion_item title=&#8221;PRVI PREGLED&#8221; open=&#8221;off&#8221; _builder_version=&#8221;3.0.47&#8243; title_text_shadow_horizontal_length=&#8221;0em&#8221; title_text_shadow_vertical_length=&#8221;0em&#8221; title_text_shadow_blur_strength=&#8221;0em&#8221; body_text_shadow_horizontal_length=&#8221;0em&#8221; body_text_shadow_vertical_length=&#8221;0em&#8221; body_text_shadow_blur_strength=&#8221;0em&#8221;]<\/p>\n<p class=\"dc_contact_paragraph_get_in_touch\">Prvi pregled in posvetovanje (do 15 minut) je GRATIS. vklju\u010duje:<br \/>\n+ Zobozdravni\u0161ki pregled<br \/>\n+ Razlago mo\u017ene terapije<br \/>\n+ Individualno ponudbo<br \/>\nZa izdelavo individualne ponudbe potrebujemo Ortopan posnet v zadnjih 6 mesecih. \u010ce ga imate, ga prinesite s seboj na prvi pregled. \u010ce nimate, lahko to storite pri nas (\u20ac 30)<\/p>\n<p>[\/et_pb_accordion_item][\/et_pb_accordion][\/et_pb_column][\/et_pb_row][\/et_pb_section]<\/p>\n","protected":false},"excerpt":{"rendered":"<p>Naro\u010di se na brezpla\u010den pregled Vsak dan Vam ponujamo nekaj brezpla\u010dnih terminov za prve preglede in posvetovanja (do 15 minut), ki so vam na voljo preko tega obrazca. 1. Izpolnite vsa polja \/ kvadratke obrazca 2. V sporo\u010dilu navedite \u017eeleni dan in \u010das ter kratek razlog za prihod. 3. Preverite e-po\u0161to za potrditev rezervacije Potrdilo [&hellip;]<\/p>\n","protected":false},"author":8,"featured_media":0,"parent":0,"menu_order":0,"comment_status":"open","ping_status":"closed","template":"","meta":{"_seopress_robots_primary_cat":"","_seopress_titles_title":"kontakt","_seopress_titles_desc":"Kontakt informacije podjetja \u0160kodaDENT. Pi\u0161ite nam z zaupanjem!","_seopress_robots_index":"","_et_pb_use_builder":"on","_et_pb_old_content":"","_et_gb_content_width":"","footnotes":""},"class_list":["post-2446","page","type-page","status-publish","hentry"],"_links":{"self":[{"href":"https:\/\/staging.skodadent.com\/sl\/wp-json\/wp\/v2\/pages\/2446\/"}],"collection":[{"href":"https:\/\/staging.skodadent.com\/sl\/wp-json\/wp\/v2\/pages\/"}],"about":[{"href":"https:\/\/staging.skodadent.com\/sl\/wp-json\/wp\/v2\/types\/page\/"}],"author":[{"embeddable":true,"href":"https:\/\/staging.skodadent.com\/sl\/wp-json\/wp\/v2\/users\/8\/"}],"replies":[{"embeddable":true,"href":"https:\/\/staging.skodadent.com\/sl\/wp-json\/wp\/v2\/comments\/?post=2446"}],"version-history":[{"count":1,"href":"https:\/\/staging.skodadent.com\/sl\/wp-json\/wp\/v2\/pages\/2446\/revisions\/"}],"predecessor-version":[{"id":220611,"href":"https:\/\/staging.skodadent.com\/sl\/wp-json\/wp\/v2\/pages\/2446\/revisions\/220611\/"}],"wp:attachment":[{"href":"https:\/\/staging.skodadent.com\/sl\/wp-json\/wp\/v2\/media\/?parent=2446"}],"curies":[{"name":"wp","href":"https:\/\/api.w.org\/{rel}","templated":true}]}}