{"id":2622,"date":"2014-06-04T07:42:32","date_gmt":"2014-06-04T05:42:32","guid":{"rendered":"https:\/\/staging.skodadent.com\/?page_id=2622"},"modified":"2019-03-04T07:33:17","modified_gmt":"2019-03-04T06:33:17","slug":"dentista-per-i-bambini","status":"publish","type":"page","link":"https:\/\/staging.skodadent.com\/it\/dentista-per-i-bambini\/","title":{"rendered":"Dentista per i bambini"},"content":{"rendered":"<p>[et_pb_section fb_built=&#8221;1&#8243; fullwidth=&#8221;on&#8221; custom_padding_last_edited=&#8221;on|desktop&#8221; _builder_version=&#8221;3.19&#8243; use_background_color_gradient=&#8221;on&#8221; background_color_gradient_start=&#8221;#8e793e&#8221; background_color_gradient_end=&#8221;#ad974f&#8221; background_image=&#8221;https:\/\/staging.skodadent.com\/wp-content\/uploads\/2018\/12\/luxury-1.jpg&#8221; background_blend=&#8221;screen&#8221; bottom_divider_color=&#8221;#ffffff&#8221; bottom_divider_height=&#8221;84px&#8221; transparent_background=&#8221;on&#8221;][et_pb_fullwidth_header title=&#8221;Dentista per i bambini&#8221; subhead=&#8221;La conoscete la leggenda della fattina dei denti?&#8221; subhead_font_color=&#8221;#ffffff&#8221; _builder_version=&#8221;3.19&#8243; title_font=&#8221;|700||on|||||&#8221; title_text_color=&#8221;#002649&#8243; content_font=&#8221;||||||||&#8221; subhead_font=&#8221;||||||||&#8221; subhead_text_color=&#8221;#002649&#8243; subhead_font_size=&#8221;20px&#8221; background_color=&#8221;rgba(255, 255, 255, 0)&#8221; button_one_letter_spacing_hover=&#8221;0&#8243; button_two_letter_spacing_hover=&#8221;0&#8243; locked=&#8221;off&#8221; button_one_text_size__hover_enabled=&#8221;off&#8221; button_one_text_size__hover=&#8221;null&#8221; button_two_text_size__hover_enabled=&#8221;off&#8221; button_two_text_size__hover=&#8221;null&#8221; button_one_text_color__hover_enabled=&#8221;off&#8221; button_one_text_color__hover=&#8221;null&#8221; button_two_text_color__hover_enabled=&#8221;off&#8221; button_two_text_color__hover=&#8221;null&#8221; button_one_border_width__hover_enabled=&#8221;off&#8221; button_one_border_width__hover=&#8221;null&#8221; button_two_border_width__hover_enabled=&#8221;off&#8221; button_two_border_width__hover=&#8221;null&#8221; button_one_border_color__hover_enabled=&#8221;off&#8221; button_one_border_color__hover=&#8221;null&#8221; button_two_border_color__hover_enabled=&#8221;off&#8221; button_two_border_color__hover=&#8221;null&#8221; button_one_border_radius__hover_enabled=&#8221;off&#8221; button_one_border_radius__hover=&#8221;null&#8221; button_two_border_radius__hover_enabled=&#8221;off&#8221; button_two_border_radius__hover=&#8221;null&#8221; button_one_letter_spacing__hover_enabled=&#8221;on&#8221; button_one_letter_spacing__hover=&#8221;0&#8243; button_two_letter_spacing__hover_enabled=&#8221;on&#8221; button_two_letter_spacing__hover=&#8221;0&#8243; button_one_bg_color__hover_enabled=&#8221;off&#8221; button_one_bg_color__hover=&#8221;null&#8221; button_two_bg_color__hover_enabled=&#8221;off&#8221; button_two_bg_color__hover=&#8221;null&#8221;][\/et_pb_fullwidth_header][\/et_pb_section][et_pb_section fb_built=&#8221;1&#8243; admin_label=&#8221;section&#8221; _builder_version=&#8221;3.0.47&#8243;][et_pb_row admin_label=&#8221;row&#8221; _builder_version=&#8221;3.0.47&#8243; background_size=&#8221;initial&#8221; background_position=&#8221;top_left&#8221; background_repeat=&#8221;repeat&#8221;][et_pb_column type=&#8221;1_2&#8243; _builder_version=&#8221;3.0.47&#8243;][et_pb_image src=&#8221;https:\/\/staging.skodadent.com\/wp-content\/uploads\/2014\/06\/djecja_stomatologija_skodadent.jpg&#8221; align=&#8221;center&#8221; _builder_version=&#8221;3.0.87&#8243; animation=&#8221;off&#8221; sticky=&#8221;off&#8221; use_border_color=&#8221;off&#8221; border_color=&#8221;#ffffff&#8221; border_style=&#8221;solid&#8221;][\/et_pb_image][et_pb_text _builder_version=&#8221;3.0.87&#8243; background_size=&#8221;initial&#8221; background_position=&#8221;top_left&#8221; background_repeat=&#8221;repeat&#8221; use_border_color=&#8221;off&#8221; border_color=&#8221;#ffffff&#8221; border_style=&#8221;solid&#8221;]Un approccio particolare e premuroso attribuisce un&#8217;importanza ellevata ai bambini che arrivano per la prima volta dal dentista per i bambini. Un rapporto fiducioso e socievole aiutera&#8217; al bambino di acquisire l&#8217;abitudine e atteggiamento positivo nei confronti del studio dentistico. Un rapporto che portera&#8217; avanti per tutta la vita, dal quale dipendera&#8217; il futuro della salute orale.<br \/>\nNel nostro studio incontriamo ogni giorno bambini spaventati da esperienze passate e con il sentimento di paura dal dentista. A tale bambino dovrebbe essere dato abbastanza tempo per familiarizzarsi con l&#8217;ambiente circostante e il personale del nuovo studio, e avvicinarsi con particolare attenzione. Riconquistare la fiducia minata, perch\u00e9 \u00e8 molto importante per la futura cooperazione del bambino e il dentista per i bambini.<\/p>\n<p>Tenendo conto dei nostri numerosi piccoli pazienti, lo studio  \u0160kodadent \u00e8 tra i primi in Croazia ad introdurre la sedazione con protossido d&#8217;azoto. Con questo metodo \u00e8 possibile eliminare i traumi, risolvere completamente la paura del dentista e tutti i problemi dei denti.<br \/>\n&nbsp;<\/p>\n<div class=\"dc_icon_and_text\">\n<ul class=\"dc_icon_and_text_list\">\n<li class=\"dc_list_item_1\">rimuove la paura e il disagio<\/li>\n<li class=\"dc_list_item_1\">izaziva ugodu<\/li>\n<li class=\"dc_list_item_1\">rilassa<\/li>\n<li class=\"dc_list_item_1\">provoca una sensazione di pesantezza<\/li>\n<li class=\"dc_list_item_1\">riduce il riflesso del vomito<\/li>\n<li class=\"dc_list_item_1\">indebolisce il senso del tempo\n<\/li>\n<li class=\"dc_list_item_1\">aumenta la suggestionabilit\u00e0<\/li>\n<li class=\"dc_list_item_1\">inverte il trauma del intervento<\/li>\n<\/ul>\n<p>La dose maggiore:<\/p>\n<ul class=\"dc_icon_and_text_list\">\n<li class=\"dc_list_item_1\">riduce la sensibilit\u00e0 al dolore<\/li>\n<li class=\"dc_list_item_1\">provoca allegria ed euforia<\/li>\n<\/ul>\n<\/div>\n<p>Il protossido d&#8217;azoto  <strong>non pu\u00f2 causare sedazione profonda.<\/strong>.<br \/>\n[\/et_pb_text][\/et_pb_column][et_pb_column type=&#8221;1_2&#8243; _builder_version=&#8221;3.0.47&#8243;][et_pb_text _builder_version=&#8221;3.0.87&#8243; background_size=&#8221;initial&#8221; background_position=&#8221;top_left&#8221; background_repeat=&#8221;repeat&#8221; use_border_color=&#8221;off&#8221; border_color=&#8221;#ffffff&#8221; border_style=&#8221;solid&#8221;]<\/p>\n<h2 class=\"dc_headline\" style=\"margin-left: 0;\">In che modo viene somministrato?<\/h2>\n<p>Il protossido d&#8217;azoto \u00e8 somministrato in miscella con l&#8217;ossigeno utilizzando un a mascherina nasale. La dose viene regolata per ciascun paziente separatamente in base alle loro esigenze. Il paziente \u00e8 sveglio e in grado di comunicare.<br \/>\n[\/et_pb_text][et_pb_text _builder_version=&#8221;3.19.8&#8243; background_size=&#8221;initial&#8221; background_position=&#8221;top_left&#8221; background_repeat=&#8221;repeat&#8221; use_border_color=&#8221;off&#8221; border_color=&#8221;#ffffff&#8221; border_style=&#8221;solid&#8221;]<\/p>\n<h2 class=\"dc_headline\" style=\"margin-left: 0;\">Quanto \u00e8 sicuro?<\/h2>\n<p>Un sondaggio condotto dall&#8217;Associazione Federale dei Dentisti Pediatri tra 7.145 sedazioni all&#8217;anno , ha trovato solo 8 effetti collaterali indesiderati sotto forma di nausea. Era l&#8217;unico evento avverso, che si e&#8217; verificato nel 0,11% dei casi.[\/et_pb_text][et_pb_text _builder_version=&#8221;3.0.87&#8243; background_size=&#8221;initial&#8221; background_position=&#8221;top_left&#8221; background_repeat=&#8221;repeat&#8221; use_border_color=&#8221;off&#8221; border_color=&#8221;#ffffff&#8221; border_style=&#8221;solid&#8221;]<\/p>\n<h2 class=\"dc_headline\" style=\"margin-left: 0;\">Chi \u00e8 un candidato ideale?<\/h2>\n<ul class=\"dc_icon_and_text_list\">\n<li class=\"dc_list_item_1\">pazienti che hanno paura o disagio dell&#8217;intervento<\/li>\n<li class=\"dc_list_item_1\">pazienti con un forte stimolo al vomito<\/li>\n<li class=\"dc_list_item_1\">pazienti che hanno bisogno di interventi piu&#8217; lungi<\/li>\n<li class=\"dc_list_item_1\">bambini che collaborano, ma hanno bisogno di un &#8216;intervento piu&#8217; lungo<\/li>\n<li class=\"dc_list_item_1\">bambini che non collaborano<\/li>\n<\/ul>\n<p>[\/et_pb_text][et_pb_text _builder_version=&#8221;3.0.87&#8243; background_size=&#8221;initial&#8221; background_position=&#8221;top_left&#8221; background_repeat=&#8221;repeat&#8221; use_border_color=&#8221;off&#8221; border_color=&#8221;#ffffff&#8221; border_style=&#8221;solid&#8221;]<\/p>\n<h2 class=\"dc_headline\" style=\"margin-left: 0;\">Chi non \u00e8 un candidato?<\/h2>\n<div class=\"dc_icon_and_text\">\n<ul class=\"dc_icon_and_text_list\">\n<li class=\"dc_list_item_1\">pazienti con gravi problemi di salute<\/li>\n<li class=\"dc_list_item_1\">pazienti che non possono respirare attraverso il naso<\/li>\n<li class=\"dc_list_item_1\">pazienti che hanno paura di perdere il controllo<\/li>\n<li class=\"dc_list_item_1\">pazienti con limitazioni nella comunicazione<\/li>\n<li class=\"dc_list_item_1\">pazienti che soffrono di claustrofobia<\/li>\n<\/ul>\n<\/div>\n<p>[\/et_pb_text][et_pb_image src=&#8221;https:\/\/staging.skodadent.com\/wp-content\/uploads\/2014\/06\/djecja_sedacija.jpg&#8221; align=&#8221;center&#8221; _builder_version=&#8221;3.0.87&#8243; animation=&#8221;off&#8221; sticky=&#8221;off&#8221; use_border_color=&#8221;off&#8221; border_color=&#8221;#ffffff&#8221; border_style=&#8221;solid&#8221;][\/et_pb_image][\/et_pb_column][\/et_pb_row][\/et_pb_section][et_pb_section fb_built=&#8221;1&#8243; custom_padding_last_edited=&#8221;on|desktop&#8221; _builder_version=&#8221;3.0.74&#8243; background_color=&#8221;#f5f5f5&#8243; custom_padding_tablet=&#8221;50px|0|50px|0&#8243; transparent_background=&#8221;off&#8221; padding_mobile=&#8221;off&#8221;][et_pb_row padding_mobile=&#8221;off&#8221; column_padding_mobile=&#8221;on&#8221; parallax_method_1=&#8221;off&#8221; _builder_version=&#8221;3.19&#8243; background_size=&#8221;initial&#8221; background_position=&#8221;top_left&#8221; background_repeat=&#8221;repeat&#8221;][et_pb_column type=&#8221;4_4&#8243; _builder_version=&#8221;3.0.47&#8243;][et_pb_text _builder_version=&#8221;3.19.8&#8243; text_font=&#8221;Bree Serif||||&#8221; text_font_size=&#8221;45&#8243; background_size=&#8221;initial&#8221; background_position=&#8221;top_left&#8221; background_repeat=&#8221;repeat&#8221; custom_padding=&#8221;||20px&#8221; use_border_color=&#8221;off&#8221; border_color=&#8221;#ffffff&#8221; border_style=&#8221;solid&#8221; saved_tabs=&#8221;all&#8221;]<\/p>\n<h2 class=\"dc_headline\" style=\"margin-left: 0;\">CONTATTACI PER QUALSIASI DUBBIO<\/h2>\n<p>[\/et_pb_text][et_pb_code _builder_version=&#8221;3.19.18&#8243;]\n<div class=\"wpcf7 no-js\" id=\"wpcf7-f218810-o1\" lang=\"en-US\" dir=\"ltr\" data-wpcf7-id=\"218810\">\n<div class=\"screen-reader-response\"><p role=\"status\" aria-live=\"polite\" aria-atomic=\"true\"><\/p> <ul><\/ul><\/div>\n<form action=\"\/it\/wp-json\/wp\/v2\/pages\/2622\/#wpcf7-f218810-o1\" method=\"post\" class=\"wpcf7-form init wpcf7-acceptance-as-validation\" aria-label=\"Contact form\" enctype=\"multipart\/form-data\" novalidate=\"novalidate\" data-status=\"init\">\n<fieldset class=\"hidden-fields-container\"><input type=\"hidden\" name=\"_wpcf7\" value=\"218810\" \/><input type=\"hidden\" name=\"_wpcf7_version\" value=\"6.1.4\" \/><input type=\"hidden\" name=\"_wpcf7_locale\" value=\"en_US\" \/><input type=\"hidden\" name=\"_wpcf7_unit_tag\" value=\"wpcf7-f218810-o1\" \/><input type=\"hidden\" name=\"_wpcf7_container_post\" value=\"0\" \/><input type=\"hidden\" name=\"_wpcf7_posted_data_hash\" value=\"\" \/>\n<\/fieldset>\n<p class=\"dc_get_in_touch dc_contact_form_name_wrapper\"><span class=\"wpcf7-form-control-wrap\" data-name=\"your-name\"><input size=\"40\" maxlength=\"400\" class=\"wpcf7-form-control wpcf7-text wpcf7-validates-as-required\" aria-required=\"true\" aria-invalid=\"false\" placeholder=\"Nome\" value=\"\" type=\"text\" name=\"your-name\" \/><\/span>\n<\/p>\n<p class=\"dc_get_in_touch dc_contact_form_name_wrapper\"><span class=\"wpcf7-form-control-wrap\" data-name=\"surname\"><input size=\"40\" maxlength=\"400\" class=\"wpcf7-form-control wpcf7-text wpcf7-validates-as-required\" aria-required=\"true\" aria-invalid=\"false\" placeholder=\"Cognome\" value=\"\" type=\"text\" name=\"surname\" \/><\/span>\n<\/p>\n<p class=\"dc_get_in_touch dc_contact_form_email_wrapper\"><span class=\"wpcf7-form-control-wrap\" data-name=\"your-email\"><input size=\"40\" maxlength=\"400\" class=\"wpcf7-form-control wpcf7-email wpcf7-validates-as-required wpcf7-text wpcf7-validates-as-email\" aria-required=\"true\" aria-invalid=\"false\" placeholder=\"Email\" value=\"\" type=\"email\" name=\"your-email\" \/><\/span>\n<\/p>\n<p class=\"dc_get_in_touch dc_contact_form_phone_wrapper\"><span class=\"wpcf7-form-control-wrap\" data-name=\"Contactnumber\"><input size=\"40\" maxlength=\"400\" class=\"wpcf7-form-control wpcf7-tel wpcf7-validates-as-required wpcf7-text wpcf7-validates-as-tel\" aria-required=\"true\" aria-invalid=\"false\" placeholder=\"Telefono\" value=\"\" type=\"tel\" name=\"Contactnumber\" \/><\/span>\n<\/p>\n<p class=\"dc_get_in_touch dc_contact_form_subject_wrapper\"><span class=\"wpcf7-form-control-wrap\" data-name=\"your-subject\"><input size=\"40\" maxlength=\"400\" class=\"wpcf7-form-control wpcf7-text\" aria-invalid=\"false\" placeholder=\"Soggetto\" value=\"\" type=\"text\" name=\"your-subject\" \/><\/span>\n<\/p>\n<p class=\"dc_get_in_touch dc_contact_form_textarea_wrapper\"><span class=\"wpcf7-form-control-wrap\" data-name=\"your-message\"><textarea cols=\"40\" rows=\"10\" maxlength=\"2000\" class=\"wpcf7-form-control wpcf7-textarea\" aria-invalid=\"false\" placeholder=\"Messaggio\" name=\"your-message\"><\/textarea><\/span>\n<\/p>\n<p><span class=\"wpcf7-form-control-wrap\" data-name=\"acceptance-941\"><span class=\"wpcf7-form-control wpcf7-acceptance\"><span class=\"wpcf7-list-item\"><label><input type=\"checkbox\" name=\"acceptance-941\" value=\"1\" aria-invalid=\"false\" \/><span class=\"wpcf7-list-item-label\">Accetto le condizioni generali di contratto<\/span><\/label><\/span><\/span><\/span><br \/>\n<span class=\"wpcf7-form-control-wrap\" data-name=\"acceptance-941\"><span class=\"wpcf7-form-control wpcf7-acceptance\"><span class=\"wpcf7-list-item\"><label><input type=\"checkbox\" name=\"acceptance-941\" value=\"1\" aria-invalid=\"false\" \/><span class=\"wpcf7-list-item-label\">Voglio ricevere notizie su promozioni.<\/span><\/label><\/span><\/span><\/span>\n<\/p>\n<p><span class=\"wpcf7-form-control-wrap\" data-name=\"file-143\"><input size=\"40\" class=\"wpcf7-form-control wpcf7-file\" accept=\"audio\/*,video\/*,image\/*\" aria-invalid=\"false\" type=\"file\" name=\"file-143\" \/><\/span>\n<\/p>\n<p>[recaptcha]\n<\/p>\n<p class=\"dc_get_in_touch_submit dc_contact_form_submit_wrapper\"><input class=\"wpcf7-form-control wpcf7-submit has-spinner\" type=\"submit\" value=\"Invia\" \/>\n<\/p><p style=\"display: none !important;\" class=\"akismet-fields-container\" data-prefix=\"_wpcf7_ak_\"><label>&#916;<textarea name=\"_wpcf7_ak_hp_textarea\" cols=\"45\" rows=\"8\" maxlength=\"100\"><\/textarea><\/label><input type=\"hidden\" id=\"ak_js_1\" name=\"_wpcf7_ak_js\" value=\"208\"\/><script>document.getElementById( \"ak_js_1\" ).setAttribute( \"value\", ( new Date() ).getTime() );<\/script><\/p><div class=\"wpcf7-response-output\" aria-hidden=\"true\"><\/div>\n<\/form>\n<\/div>\n[\/et_pb_code][\/et_pb_column][\/et_pb_row][\/et_pb_section]<\/p>\n","protected":false},"excerpt":{"rendered":"<p>Un approccio particolare e premuroso attribuisce un&#8217;importanza ellevata ai bambini che arrivano per la prima volta dal dentista per i bambini. Un rapporto fiducioso e socievole aiutera&#8217; al bambino di acquisire l&#8217;abitudine e atteggiamento positivo nei confronti del studio dentistico. Un rapporto che portera&#8217; avanti per tutta la vita, dal quale dipendera&#8217; il futuro della [&hellip;]<\/p>\n","protected":false},"author":8,"featured_media":0,"parent":0,"menu_order":0,"comment_status":"open","ping_status":"closed","template":"","meta":{"_seopress_robots_primary_cat":"","_seopress_titles_title":"Dentista per i bambini","_seopress_titles_desc":"\u00c8 estremamente importante che il primo arrivo del dentista per i bambini passi in un'atmosfera piacevole e chiara con un approccio particolarmente gentile e paziente.","_seopress_robots_index":"","_et_pb_use_builder":"on","_et_pb_old_content":"","_et_gb_content_width":"","footnotes":""},"class_list":["post-2622","page","type-page","status-publish","hentry"],"_links":{"self":[{"href":"https:\/\/staging.skodadent.com\/it\/wp-json\/wp\/v2\/pages\/2622\/"}],"collection":[{"href":"https:\/\/staging.skodadent.com\/it\/wp-json\/wp\/v2\/pages\/"}],"about":[{"href":"https:\/\/staging.skodadent.com\/it\/wp-json\/wp\/v2\/types\/page\/"}],"author":[{"embeddable":true,"href":"https:\/\/staging.skodadent.com\/it\/wp-json\/wp\/v2\/users\/8\/"}],"replies":[{"embeddable":true,"href":"https:\/\/staging.skodadent.com\/it\/wp-json\/wp\/v2\/comments\/?post=2622"}],"version-history":[{"count":0,"href":"https:\/\/staging.skodadent.com\/it\/wp-json\/wp\/v2\/pages\/2622\/revisions\/"}],"wp:attachment":[{"href":"https:\/\/staging.skodadent.com\/it\/wp-json\/wp\/v2\/media\/?parent=2622"}],"curies":[{"name":"wp","href":"https:\/\/api.w.org\/{rel}","templated":true}]}}