{"id":2439,"date":"2014-05-30T00:13:37","date_gmt":"2014-05-29T22:13:37","guid":{"rendered":"https:\/\/staging.skodadent.com\/?page_id=2439"},"modified":"2019-05-19T17:57:20","modified_gmt":"2019-05-19T15:57:20","slug":"contact","status":"publish","type":"page","link":"https:\/\/staging.skodadent.com\/en\/contact\/","title":{"rendered":"Contact"},"content":{"rendered":"<p>[et_pb_section fb_built=&#8221;1&#8243; fullwidth=&#8221;on&#8221; _builder_version=&#8221;3.22.3&#8243;][et_pb_fullwidth_map address=&#8221;Hegedu\u0161i\u0107eva ul. 10, 51000, Rijeka, Croatia&#8221; zoom_level=&#8221;16&#8243; address_lat=&#8221;45.3424134&#8243; address_lng=&#8221;14.39547319999997&#8243; mouse_wheel=&#8221;off&#8221; _builder_version=&#8221;3.0.91&#8243;][et_pb_map_pin title=&#8221;\u0160kodaDENT&#8221; pin_address=&#8221;Hegedu\u0161i\u0107eva ul. 10, 51000, Rijeka, Croatia&#8221; pin_address_lat=&#8221;45.3424134&#8243; pin_address_lng=&#8221;14.39547319999997&#8243; _builder_version=&#8221;3.0.47&#8243;][\/et_pb_map_pin][\/et_pb_fullwidth_map][\/et_pb_section][et_pb_section fb_built=&#8221;1&#8243; custom_padding_last_edited=&#8221;on|desktop&#8221; module_class=&#8221;dc_main_contact_form_section dc_accordion_section&#8221; _builder_version=&#8221;3.22.3&#8243; background_color=&#8221;rgba(255,255,255,0)&#8221; custom_padding_tablet=&#8221;50px|0|50px|0&#8243; transparent_background=&#8221;on&#8221; padding_mobile=&#8221;off&#8221;][et_pb_row padding_mobile=&#8221;off&#8221; column_padding_mobile=&#8221;on&#8221; parallax_method_1=&#8221;off&#8221; parallax_method_2=&#8221;off&#8221; module_class=&#8221; et_pb_row_fullwidth&#8221; _builder_version=&#8221;3.22.3&#8243; background_size=&#8221;initial&#8221; background_position=&#8221;top_left&#8221; background_repeat=&#8221;repeat&#8221; width=&#8221;89%&#8221; width_tablet=&#8221;80%&#8221; width_last_edited=&#8221;on|desktop&#8221; max_width=&#8221;89%&#8221; max_width_tablet=&#8221;80%&#8221; max_width_last_edited=&#8221;on|desktop&#8221; make_fullwidth=&#8221;on&#8221;][et_pb_column type=&#8221;2_3&#8243; _builder_version=&#8221;3.0.47&#8243;][et_pb_text admin_label=&#8221;GET IN TOUCH&#8221; _builder_version=&#8221;3.19.8&#8243; background_size=&#8221;initial&#8221; background_position=&#8221;top_left&#8221; background_repeat=&#8221;repeat&#8221; module_alignment=&#8221;left&#8221; use_border_color=&#8221;off&#8221; border_color=&#8221;#ffffff&#8221; border_style=&#8221;solid&#8221;]<\/p>\n<h2 class=\"dc_headline\" style=\"margin-left: 0;\">SCHEDULE AN APPOINTMENT FOR YOUR FREE CHECK-UP<\/h2>\n<p>[\/et_pb_text][et_pb_text _builder_version=&#8221;3.22.7&#8243; background_size=&#8221;initial&#8221; background_position=&#8221;top_left&#8221; background_repeat=&#8221;repeat&#8221; module_alignment=&#8221;left&#8221; use_border_color=&#8221;off&#8221; border_color=&#8221;#ffffff&#8221; border_style=&#8221;solid&#8221;]Every day we offer few free appointments for first visits and consultations (up to 15 min) which are available via this form.<br \/>\n1. Fill in all fields \/checkboxes  of form<br \/>\n2. In the message, specify the desired date and time of the appointment, and a brief reason for coming.<br \/>\n3. Check e-mail for the confirmation<br \/>\nConfirmation will be sent on the same day during business hours or at the latest the next working day.[\/et_pb_text][et_pb_code]\n<div class=\"wpcf7 no-js\" id=\"wpcf7-f218808-o1\" lang=\"en-US\" dir=\"ltr\" data-wpcf7-id=\"218808\">\n<div class=\"screen-reader-response\"><p role=\"status\" aria-live=\"polite\" aria-atomic=\"true\"><\/p> <ul><\/ul><\/div>\n<form action=\"\/en\/wp-json\/wp\/v2\/pages\/2439\/#wpcf7-f218808-o1\" method=\"post\" class=\"wpcf7-form init wpcf7-acceptance-as-validation\" aria-label=\"Contact form\" enctype=\"multipart\/form-data\" novalidate=\"novalidate\" data-status=\"init\">\n<fieldset class=\"hidden-fields-container\"><input type=\"hidden\" name=\"_wpcf7\" value=\"218808\" \/><input type=\"hidden\" name=\"_wpcf7_version\" value=\"6.1.4\" \/><input type=\"hidden\" name=\"_wpcf7_locale\" value=\"en_US\" \/><input type=\"hidden\" name=\"_wpcf7_unit_tag\" value=\"wpcf7-f218808-o1\" \/><input type=\"hidden\" name=\"_wpcf7_container_post\" value=\"0\" \/><input type=\"hidden\" name=\"_wpcf7_posted_data_hash\" value=\"\" \/>\n<\/fieldset>\n<p class=\"dc_get_in_touch dc_contact_form_name_wrapper\"><span class=\"wpcf7-form-control-wrap\" data-name=\"your-name\"><input size=\"40\" maxlength=\"400\" class=\"wpcf7-form-control wpcf7-text wpcf7-validates-as-required\" aria-required=\"true\" aria-invalid=\"false\" placeholder=\"First Name\" value=\"\" type=\"text\" name=\"your-name\" \/><\/span>\n<\/p>\n<p class=\"dc_get_in_touch dc_contact_form_name_wrapper\"><span class=\"wpcf7-form-control-wrap\" data-name=\"surname\"><input size=\"40\" maxlength=\"400\" class=\"wpcf7-form-control wpcf7-text wpcf7-validates-as-required\" aria-required=\"true\" aria-invalid=\"false\" placeholder=\"Last Name\" value=\"\" type=\"text\" name=\"surname\" \/><\/span>\n<\/p>\n<p class=\"dc_get_in_touch dc_contact_form_email_wrapper\"><span class=\"wpcf7-form-control-wrap\" data-name=\"your-email\"><input size=\"40\" maxlength=\"400\" class=\"wpcf7-form-control wpcf7-email wpcf7-validates-as-required wpcf7-text wpcf7-validates-as-email\" aria-required=\"true\" aria-invalid=\"false\" placeholder=\"Email\" value=\"\" type=\"email\" name=\"your-email\" \/><\/span>\n<\/p>\n<p class=\"dc_get_in_touch dc_contact_form_phone_wrapper\"><span class=\"wpcf7-form-control-wrap\" data-name=\"Contactnumber\"><input size=\"40\" maxlength=\"400\" class=\"wpcf7-form-control wpcf7-tel wpcf7-validates-as-required wpcf7-text wpcf7-validates-as-tel\" aria-required=\"true\" aria-invalid=\"false\" placeholder=\"Phone\" value=\"\" type=\"tel\" name=\"Contactnumber\" \/><\/span>\n<\/p>\n<p class=\"dc_get_in_touch dc_contact_form_subject_wrapper\"><span class=\"wpcf7-form-control-wrap\" data-name=\"your-subject\"><input size=\"40\" maxlength=\"400\" class=\"wpcf7-form-control wpcf7-text\" aria-invalid=\"false\" placeholder=\"Subject\" value=\"\" type=\"text\" name=\"your-subject\" \/><\/span>\n<\/p>\n<p class=\"dc_get_in_touch dc_contact_form_textarea_wrapper\"><span class=\"wpcf7-form-control-wrap\" data-name=\"your-message\"><textarea cols=\"40\" rows=\"10\" maxlength=\"2000\" class=\"wpcf7-form-control wpcf7-textarea\" aria-invalid=\"false\" placeholder=\"Message\" name=\"your-message\"><\/textarea><\/span>\n<\/p>\n<p><span class=\"wpcf7-form-control-wrap\" data-name=\"acceptance-941\"><span class=\"wpcf7-form-control wpcf7-acceptance\"><span class=\"wpcf7-list-item\"><label><input type=\"checkbox\" name=\"acceptance-941\" value=\"1\" aria-invalid=\"false\" \/><span class=\"wpcf7-list-item-label\">I agree to the General terms of business<\/span><\/label><\/span><\/span><\/span><br \/>\n<span class=\"wpcf7-form-control-wrap\" data-name=\"acceptance-941\"><span class=\"wpcf7-form-control wpcf7-acceptance\"><span class=\"wpcf7-list-item\"><label><input type=\"checkbox\" name=\"acceptance-941\" value=\"1\" aria-invalid=\"false\" \/><span class=\"wpcf7-list-item-label\">I want to receive newsletter about promotions and discounts.<\/span><\/label><\/span><\/span><\/span>\n<\/p>\n<p><span class=\"wpcf7-form-control-wrap\" data-name=\"file-143\"><input size=\"40\" class=\"wpcf7-form-control wpcf7-file\" accept=\"audio\/*,video\/*,image\/*\" aria-invalid=\"false\" type=\"file\" name=\"file-143\" \/><\/span>\n<\/p>\n<p>[recaptcha]\n<\/p>\n<p class=\"dc_get_in_touch_submit dc_contact_form_submit_wrapper\"><input class=\"wpcf7-form-control wpcf7-submit has-spinner\" type=\"submit\" value=\"Submit\" \/>\n<\/p><p style=\"display: none !important;\" class=\"akismet-fields-container\" data-prefix=\"_wpcf7_ak_\"><label>&#916;<textarea name=\"_wpcf7_ak_hp_textarea\" cols=\"45\" rows=\"8\" maxlength=\"100\"><\/textarea><\/label><input type=\"hidden\" id=\"ak_js_1\" name=\"_wpcf7_ak_js\" value=\"33\"\/><script>document.getElementById( \"ak_js_1\" ).setAttribute( \"value\", ( new Date() ).getTime() );<\/script><\/p><div class=\"wpcf7-response-output\" aria-hidden=\"true\"><\/div>\n<\/form>\n<\/div>\n[\/et_pb_code][\/et_pb_column][et_pb_column type=&#8221;1_3&#8243; _builder_version=&#8221;3.0.47&#8243;][et_pb_text _builder_version=&#8221;3.0.87&#8243; background_size=&#8221;initial&#8221; background_position=&#8221;top_left&#8221; background_repeat=&#8221;repeat&#8221; module_alignment=&#8221;left&#8221; use_border_color=&#8221;off&#8221; border_color=&#8221;#ffffff&#8221; border_style=&#8221;solid&#8221;]<\/p>\n<h3 class=\"dc_headline\" style=\"margin-left: 0;\">WORKING HOURS<\/h3>\n<p>[\/et_pb_text][et_pb_text _builder_version=&#8221;3.19.18&#8243; background_size=&#8221;initial&#8221; background_position=&#8221;top_left&#8221; background_repeat=&#8221;repeat&#8221; background_layout=&#8221;dark&#8221; module_alignment=&#8221;left&#8221; use_border_color=&#8221;off&#8221;]<\/p>\n<p class=\"dc_time_paragraph\"><span class=\"dc_time_left\">MONDAY<\/span><span class=\"dc_time_right\">13 \u2013 21<\/span><\/p>\n<p class=\"dc_time_paragraph\"><span class=\"dc_time_left\">TUESDAY<\/span><span class=\"dc_time_right\">13 \u2013 21<\/span><\/p>\n<p class=\"dc_time_paragraph\"><span class=\"dc_time_left\">WEDNESDAY<\/span><span class=\"dc_time_right\">13 \u2013 21<\/span><\/p>\n<p class=\"dc_time_paragraph\"><span class=\"dc_time_left\">THURSDAY<\/span><span class=\"dc_time_right\">08 \u2013 16<\/span><\/p>\n<p class=\"dc_time_paragraph\"><span class=\"dc_time_left\"> FRIDAY<\/span><span class=\"dc_time_right\">08 \u2013 16<\/span><\/p>\n<p class=\"dc_time_paragraph dc_visibility_none\"><span class=\"dc_time_left\">this is invisible<\/span><span class=\"dc_time_right\">9 \u2013 15<\/span><\/p>\n<p>[\/et_pb_text][et_pb_text admin_label=&#8221;CONTACT DETAILS&#8221; _builder_version=&#8221;3.0.87&#8243; background_size=&#8221;initial&#8221; background_position=&#8221;top_left&#8221; background_repeat=&#8221;repeat&#8221; module_alignment=&#8221;left&#8221; use_border_color=&#8221;off&#8221; border_color=&#8221;#ffffff&#8221; border_style=&#8221;solid&#8221;]<\/p>\n<h2 class=\"dc_headline\" style=\"margin-left: 0;\">INFO<\/h2>\n<p>[\/et_pb_text][et_pb_accordion admin_label=&#8221;Contact Accordion&#8221; _builder_version=&#8221;3.22.4&#8243; use_border_color=&#8221;off&#8221; border_color=&#8221;#ffffff&#8221; border_style=&#8221;solid&#8221;][et_pb_accordion_item title=&#8221;CONTACT&#8221; open=&#8221;on&#8221; _builder_version=&#8221;3.0.47&#8243; title_text_shadow_horizontal_length=&#8221;0em&#8221; title_text_shadow_vertical_length=&#8221;0em&#8221; title_text_shadow_blur_strength=&#8221;0em&#8221; body_text_shadow_horizontal_length=&#8221;0em&#8221; body_text_shadow_vertical_length=&#8221;0em&#8221; body_text_shadow_blur_strength=&#8221;0em&#8221;]<\/p>\n<p class=\"dc_contact_paragraph_get_in_touch\">Phone: +385 51 263 766<\/p>\n<p class=\"dc_contact_paragraph_get_in_touch\">Mobile | Viber | Whatsupp: +385 99 471 7112<\/p>\n<p class=\"dc_contact_paragraph_get_in_touch\">Email: info@skodadent.com<\/p>\n<p class=\"dc_contact_paragraph_get_in_touch\">Address: Hegedusiceva 10, 51000 Rijeka, Croatia<\/p>\n<p class=\"dc_contact_paragraph_get_in_touch\">GPS: 45.342602, 14.395013<\/p>\n<p>[\/et_pb_accordion_item][et_pb_accordion_item title=&#8221;PAYMENT&#8221; open=&#8221;off&#8221; _builder_version=&#8221;3.22.4&#8243; title_text_shadow_horizontal_length=&#8221;0em&#8221; title_text_shadow_vertical_length=&#8221;0em&#8221; title_text_shadow_blur_strength=&#8221;0em&#8221; body_text_shadow_horizontal_length=&#8221;0em&#8221; body_text_shadow_vertical_length=&#8221;0em&#8221; body_text_shadow_blur_strength=&#8221;0em&#8221;]<\/p>\n<p class=\"dc_contact_paragraph_get_in_touch\">Advance cash payment for offers over 2.000 kn: discount 10%<\/p>\n<p class=\"dc_contact_paragraph_get_in_touch\">Payment in cash installments, without interests: orthodontic and implant therapies<\/p>\n<p class=\"dc_contact_paragraph_get_in_touch\">Credit cards: Maestro, Mastercard, Visa, American Express, Diners<\/p>\n<p>[\/et_pb_accordion_item][et_pb_accordion_item title=&#8221;FIRST VISIT&#8221; open=&#8221;off&#8221; _builder_version=&#8221;3.0.47&#8243; title_text_shadow_horizontal_length=&#8221;0em&#8221; title_text_shadow_vertical_length=&#8221;0em&#8221; title_text_shadow_blur_strength=&#8221;0em&#8221; body_text_shadow_horizontal_length=&#8221;0em&#8221; body_text_shadow_vertical_length=&#8221;0em&#8221; body_text_shadow_blur_strength=&#8221;0em&#8221;]<\/p>\n<p class=\"dc_contact_paragraph_get_in_touch\">First visit \/ consultation of up to 15 minutes is free of charge. It includes:<br \/>\n+ Dental examination<br \/>\n+ Explanation of possible therapies<br \/>\n+ Individual offer<br \/>\nTo make an individual offer, we need a recent panoramic x-ray (made in the last 6 months). If you have it, be sure to take it with you to your first visit. If you don\u2019t have it, it can be done in our office (230 kn)<\/p>\n<p>[\/et_pb_accordion_item][\/et_pb_accordion][\/et_pb_column][\/et_pb_row][\/et_pb_section]<\/p>\n","protected":false},"excerpt":{"rendered":"<p>SCHEDULE AN APPOINTMENT FOR YOUR FREE CHECK-UP Every day we offer few free appointments for first visits and consultations (up to 15 min) which are available via this form. 1. Fill in all fields \/checkboxes of form 2. In the message, specify the desired date and time of the appointment, and a brief reason for [&hellip;]<\/p>\n","protected":false},"author":8,"featured_media":0,"parent":0,"menu_order":0,"comment_status":"open","ping_status":"closed","template":"","meta":{"_seopress_robots_primary_cat":"","_seopress_titles_title":"contact","_seopress_titles_desc":"Don't be shy. Contact us!","_seopress_robots_index":"","_et_pb_use_builder":"on","_et_pb_old_content":"","_et_gb_content_width":"","footnotes":""},"class_list":["post-2439","page","type-page","status-publish","hentry"],"_links":{"self":[{"href":"https:\/\/staging.skodadent.com\/en\/wp-json\/wp\/v2\/pages\/2439\/"}],"collection":[{"href":"https:\/\/staging.skodadent.com\/en\/wp-json\/wp\/v2\/pages\/"}],"about":[{"href":"https:\/\/staging.skodadent.com\/en\/wp-json\/wp\/v2\/types\/page\/"}],"author":[{"embeddable":true,"href":"https:\/\/staging.skodadent.com\/en\/wp-json\/wp\/v2\/users\/8\/"}],"replies":[{"embeddable":true,"href":"https:\/\/staging.skodadent.com\/en\/wp-json\/wp\/v2\/comments\/?post=2439"}],"version-history":[{"count":1,"href":"https:\/\/staging.skodadent.com\/en\/wp-json\/wp\/v2\/pages\/2439\/revisions\/"}],"predecessor-version":[{"id":220609,"href":"https:\/\/staging.skodadent.com\/en\/wp-json\/wp\/v2\/pages\/2439\/revisions\/220609\/"}],"wp:attachment":[{"href":"https:\/\/staging.skodadent.com\/en\/wp-json\/wp\/v2\/media\/?parent=2439"}],"curies":[{"name":"wp","href":"https:\/\/api.w.org\/{rel}","templated":true}]}}